{"id":77,"date":"2020-12-22T12:35:01","date_gmt":"2020-12-22T11:35:01","guid":{"rendered":"https:\/\/ferienwohnung-lambertz.ponten-weber.de\/?page_id=77"},"modified":"2021-01-06T12:02:27","modified_gmt":"2021-01-06T11:02:27","slug":"anfahrt","status":"publish","type":"page","link":"https:\/\/ferienwohnung-lambertz.de\/index.php\/anfahrt\/","title":{"rendered":"Anreise"},"content":{"rendered":"\n<p class=\"has-white-color has-primary-background-color has-text-color has-background\">Die Wohnungs\u00fcbernahme am Anreisetag ist ab 16:00 Uhr m\u00f6glich, am Abreisetag ist die Wohnung bis 10:00 Uhr zu \u00fcbergeben.<\/p>\n\n\n\n<h4 class=\"wp-block-heading\">Mit dem Auto nach Inzell<\/h4>\n\n\n\n<p><strong>Zieladresse\/ Navigation: Chiemgau Appartements, L\u00e4rchenstra\u00dfe 7, 83334 Inzell, Deutschland<\/strong><\/p>\n\n\n\n<ul class=\"wp-block-list\"><li>Verlassen Sie die <strong>A8 M\u00fcnchen-Salzburg<\/strong> an der <strong>Ausfahrt 112<\/strong> Traunstein\/ Siegsdorf\/ Inzell<\/li><li>und fahren Sie f\u00fcr ca. 11 Kilometer auf der <strong>B306 nach S\u00fcden RIchtung Inzell<\/strong>,<\/li><li>nehmen Sie im folgenden <strong>Kreisverkehr<\/strong> die <strong>zweite Ausfahrt<\/strong> und <br><strong>bleiben Sie auf der B306<\/strong> (Deutsche Alpenstra\u00dfe).<\/li><li><strong>Verlassen Sie die B306 nach dem Ortsschild &#8222;Inzell&#8220;<\/strong> und <br>biegen Sie rechts (Richtung Badepark\/ Ferienpark) ab,<\/li><li><strong>danach sofort wieder links<\/strong> abbiegen und die Unterf\u00fchrung unter der B306 durchfahren.<\/li><li>Sie sind nun auf der <strong>Schwimmbadstra\u00dfe<\/strong> (rechts von Ihnen sind Kurpark und Schwimmbad)<\/li><li>und biegen am Schwimmbad <strong>links in die L\u00e4rchenstra\u00dfe<\/strong> ab.<\/li><li>Das <strong>erste Haus auf der linken Seite<\/strong>, die &#8222;Chiemgau Appartements&#8220; ist Ihr Ziel!<\/li><\/ul>\n\n\n\n<iframe loading=\"lazy\" src=\"https:\/\/www.google.com\/maps\/embed?pb=!1m18!1m12!1m3!1d4445.013614327597!2d12.74654469666111!3d47.76739149830934!2m3!1f0!2f0!3f0!3m2!1i1024!2i768!4f13.1!3m3!1m2!1s0x477661f7d395e9ab%3A0x5647fb76d44802a2!2sChiemgau%20Appartements!5e1!3m2!1sde!2sde!4v1608647266834!5m2!1sde!2sde\" width=\"715\" height=\"560\" frameborder=\"0\" style=\"border:0;\" allowfullscreen=\"\" aria-hidden=\"false\" tabindex=\"0\"><\/iframe>\n\n\n\n<h4 class=\"wp-block-heading\">Mit Bus und Bahn nach Inzell<\/h4>\n\n\n\n<p>Sie haben die M\u00f6glichkeit mit Fernz\u00fcgen von <a href=\"http:\/\/www.bahn.de\" data-type=\"URL\" data-id=\"www.bahn.de\" target=\"_blank\" rel=\"noreferrer noopener\">Deutscher Bahn<\/a> und <a href=\"https:\/\/www.oebb.at\/\" data-type=\"URL\" data-id=\"https:\/\/www.oebb.at\/\" target=\"_blank\" rel=\"noreferrer noopener\">\u00d6BB<\/a> via M\u00fcnchen oder Salzburg \u00fcber Anschlussverbindungen mit der Regionalbahn oder S-Bahn nach <strong>Traunstein (Oberbayern) Bahnhof <\/strong>zu gelangen. <\/p>\n\n\n\n<p>Von Bahnhof Traunstein aus f\u00e4hrt der <strong>Bus 9526 nach Inzell<\/strong> zum <strong>Busbahnhof Inzell<\/strong>. Dieser befindet sich am Ende der Schwimmbadstra\u00dfe auf der Traunsteiner Stra\u00dfe und ist nur etwa 500 Meter von der Ferienwohnung entfernt.<\/p>\n\n\n\n<ul class=\"wp-block-list\"><li>Gehen Sie vom Busbahnhof aus <strong>n\u00f6rdlich durch die Unterf\u00fchrung in Richtung Schwimmbad<\/strong>, <\/li><li>biegen Sie dazu <strong>rechts ab<\/strong> in die <strong>Schwimmbadstra\u00dfe <\/strong><\/li><li>und in H\u00f6he des Schwimmbads nach <strong>links in die L\u00e4rchenstra\u00dfe<\/strong>.<\/li><li>Das <strong>erste Haus auf der linken Seite<\/strong>, die &#8222;Chiemgau Appartements&#8220; ist Ihr Ziel!<\/li><\/ul>\n\n\n\n<h4 class=\"wp-block-heading\">Mit dem Flugzeug in die Region<\/h4>\n\n\n\n<p>Der n\u00e4chstgelegene Flughafen ist <a href=\"https:\/\/www.salzburg-airport.com\/\" data-type=\"URL\" data-id=\"https:\/\/www.salzburg-airport.com\/\" target=\"_blank\" rel=\"noreferrer noopener\"><strong>Salzburg Airport W. A. Mozart <\/strong>(Salzburg Airport; <strong>IATA: SZG<\/strong>)<\/a>. Nach dort gibt es regelm\u00e4\u00dfige Verbindungen von Hamburg, Berlin, Frankfurt, D\u00fcsseldorf und vielen anderen Zielen. <\/p>\n\n\n\n<p>Vom Flughafen aus kommt man \u00fcber Salzburg Hauptbahnhof wieder mit Bus und Bahn nach Inzell oder innerhalb von ca. 30 Minuten mit dem Taxi.<\/p>\n","protected":false},"excerpt":{"rendered":"","protected":false},"author":1,"featured_media":0,"parent":0,"menu_order":0,"comment_status":"closed","ping_status":"closed","template":"","meta":{"footnotes":""},"class_list":["post-77","page","type-page","status-publish","hentry"],"_links":{"self":[{"href":"https:\/\/ferienwohnung-lambertz.de\/index.php\/wp-json\/wp\/v2\/pages\/77","targetHints":{"allow":["GET"]}}],"collection":[{"href":"https:\/\/ferienwohnung-lambertz.de\/index.php\/wp-json\/wp\/v2\/pages"}],"about":[{"href":"https:\/\/ferienwohnung-lambertz.de\/index.php\/wp-json\/wp\/v2\/types\/page"}],"author":[{"embeddable":true,"href":"https:\/\/ferienwohnung-lambertz.de\/index.php\/wp-json\/wp\/v2\/users\/1"}],"replies":[{"embeddable":true,"href":"https:\/\/ferienwohnung-lambertz.de\/index.php\/wp-json\/wp\/v2\/comments?post=77"}],"version-history":[{"count":3,"href":"https:\/\/ferienwohnung-lambertz.de\/index.php\/wp-json\/wp\/v2\/pages\/77\/revisions"}],"predecessor-version":[{"id":253,"href":"https:\/\/ferienwohnung-lambertz.de\/index.php\/wp-json\/wp\/v2\/pages\/77\/revisions\/253"}],"wp:attachment":[{"href":"https:\/\/ferienwohnung-lambertz.de\/index.php\/wp-json\/wp\/v2\/media?parent=77"}],"curies":[{"name":"wp","href":"https:\/\/api.w.org\/{rel}","templated":true}]}}