{"id":75,"date":"2020-12-22T12:35:01","date_gmt":"2020-12-22T11:35:01","guid":{"rendered":"https:\/\/ferienwohnung-lambertz.ponten-weber.de\/?page_id=75"},"modified":"2022-04-04T13:04:50","modified_gmt":"2022-04-04T12:04:50","slug":"verfuegbarkeit-und-buchung","status":"publish","type":"page","link":"https:\/\/ferienwohnung-lambertz.de\/index.php\/verfuegbarkeit-und-buchung\/","title":{"rendered":"Verf\u00fcgbarkeit und Buchung"},"content":{"rendered":"\nPr\u00fcfen Sie die Verf\u00fcgbarkeit der Wohnung in Ihrem gew\u00fcnschten Zeitraum und buchen Sie direkt \u00fcber das externe Buchungsportal.\n\n<iframe loading=\"lazy\" id=\"blockrandom\" name=\"iframe\" src=\"https:\/\/tbooking.toubiz.de\/DEU00000060015793045\/tbooking\/?globalReset=1&amp;lang=de\" width=\"850\" height=\"950\" scrolling=\"yes\" frameborder=\"0\" title=\"Verf\u00fcgbarkeit \/ Buchung\" class=\"wrapper\">Diese Option wird nicht korrekt funktionieren, da der aktuell eingesetzte Webbrowser keine Inline-Frames unterst\u00fctzt!<\/iframe>\n\n\n\n<p class=\"has-white-color has-primary-background-color has-text-color has-background\">Hilfreich f\u00fcr Ihre Reiseplanung:<br><a rel=\"noreferrer noopener\" href=\"https:\/\/www.schulferien.org\/\" data-type=\"URL\" data-id=\"https:\/\/www.schulferien.org\/\" target=\"_blank\">Schulferienkalender f\u00fcr ganz Deutschland im \u00dcberblick<\/a><br><a rel=\"noreferrer noopener\" href=\"https:\/\/www.schulferien.org\/deutschland\/feriendichte\/\" data-type=\"URL\" data-id=\"https:\/\/www.schulferien.org\/deutschland\/feriendichte\/\" target=\"_blank\">Feriendichte der Schulferien in Deutschland<\/a><br><br><strong>Bitte beachten Sie<\/strong>!<br>Mit R\u00fccksicht auf andere G\u00e4ste k\u00f6nnen wir leider keine Buchungen von Trainingsgruppen, Sportmannschaften und \u00e4hnlichen akzeptieren. Wir bitten um Ihr Verst\u00e4ndnis.<\/p>\n","protected":false},"excerpt":{"rendered":"","protected":false},"author":1,"featured_media":0,"parent":0,"menu_order":0,"comment_status":"closed","ping_status":"closed","template":"","meta":{"footnotes":""},"class_list":["post-75","page","type-page","status-publish","hentry"],"_links":{"self":[{"href":"https:\/\/ferienwohnung-lambertz.de\/index.php\/wp-json\/wp\/v2\/pages\/75","targetHints":{"allow":["GET"]}}],"collection":[{"href":"https:\/\/ferienwohnung-lambertz.de\/index.php\/wp-json\/wp\/v2\/pages"}],"about":[{"href":"https:\/\/ferienwohnung-lambertz.de\/index.php\/wp-json\/wp\/v2\/types\/page"}],"author":[{"embeddable":true,"href":"https:\/\/ferienwohnung-lambertz.de\/index.php\/wp-json\/wp\/v2\/users\/1"}],"replies":[{"embeddable":true,"href":"https:\/\/ferienwohnung-lambertz.de\/index.php\/wp-json\/wp\/v2\/comments?post=75"}],"version-history":[{"count":9,"href":"https:\/\/ferienwohnung-lambertz.de\/index.php\/wp-json\/wp\/v2\/pages\/75\/revisions"}],"predecessor-version":[{"id":434,"href":"https:\/\/ferienwohnung-lambertz.de\/index.php\/wp-json\/wp\/v2\/pages\/75\/revisions\/434"}],"wp:attachment":[{"href":"https:\/\/ferienwohnung-lambertz.de\/index.php\/wp-json\/wp\/v2\/media?parent=75"}],"curies":[{"name":"wp","href":"https:\/\/api.w.org\/{rel}","templated":true}]}}